{"id":695,"date":"2019-02-13T00:19:48","date_gmt":"2019-02-12T23:19:48","guid":{"rendered":"http:\/\/alexandrenaud86.free.fr\/?page_id=15"},"modified":"2022-05-23T23:32:42","modified_gmt":"2022-05-23T21:32:42","slug":"liens-utiles","status":"publish","type":"page","link":"http:\/\/tcbuxerolles.fr\/index.php\/liens-utiles\/","title":{"rendered":"Liens utiles"},"content":{"rendered":"\n<ul class=\"wp-block-list\"><li><strong><a href=\"http:\/\/www.comite.fft.fr\/vienne\" target=\"_blank\" rel=\"noreferrer noopener\">Comit\u00e9 D\u00e9partemental de la Vienne de Tennis<\/a><\/strong>&nbsp;&nbsp;calendrier et les r\u00e9sultats des championnats par \u00e9quipes et individuels, ainsi que l&rsquo;actualit\u00e9 du tennis dans le d\u00e9partement.<\/li><\/ul>\n\n\n\n<ul class=\"wp-block-list\"><li> <strong><a href=\"https:\/\/adoc.app.fft.fr\/adoc\" target=\"_blank\" rel=\"noreferrer noopener\" aria-label=\" (s\u2019ouvre dans un nouvel onglet)\">ADOC :<\/a><\/strong> Espace adh\u00e9rant, r\u00e9servation de terrain.<\/li><\/ul>\n\n\n\n<ul class=\"wp-block-list\"><li><strong><a rel=\"noreferrer noopener\" href=\"http:\/\/fft.fr\/\" target=\"_blank\">FFT<\/a><\/strong>&nbsp;&nbsp;Consulter les classements, imprimer votre licence, rechercher les tournois, suivre l&rsquo;actualit\u00e9 du tennis. <\/li><\/ul>\n\n\n\n<ul class=\"wp-block-list\"><li><a href=\"https:\/\/tenup.fft.fr\/\" target=\"_blank\" rel=\"noreferrer noopener\"><strong> TenUp<\/strong><\/a><strong> <\/strong>Votre espace licenci\u00e9, qui vous permettra de g\u00e9rer votre carri\u00e8re tennistique (inscriptions, r\u00e9sultats, etc.). Pour cela il vous suffit juste de vous munir de votre num\u00e9ro de licence et d\u2019aller vous inscrire sur TenUp et\/ou sur l\u2019application mobile Tenup (compatible iOs et Andro\u00efd). <\/li><\/ul>\n\n\n\n<p><\/p>\n","protected":false},"excerpt":{"rendered":"<p>Comit\u00e9 D\u00e9partemental de la Vienne de Tennis&nbsp;&nbsp;calendrier et les r\u00e9sultats des championnats par \u00e9quipes et individuels, ainsi que l&rsquo;actualit\u00e9 du <a class=\"more-link\" href=\"http:\/\/tcbuxerolles.fr\/index.php\/liens-utiles\/\">Continuer la lecture <span class=\"screen-reader-text\">  Liens utiles<\/span><span class=\"meta-nav\">&rarr;<\/span><\/a> <a class=\"more-link\" href=\"http:\/\/tcbuxerolles.fr\/index.php\/liens-utiles\/\">Continuer la lecture <span class=\"screen-reader-text\">  Liens utiles<\/span><span class=\"meta-nav\">&rarr;<\/span><\/a><\/p>\n","protected":false},"author":1,"featured_media":0,"parent":0,"menu_order":6,"comment_status":"closed","ping_status":"closed","template":"page-fullwidth.php","meta":{"footnotes":""},"class_list":["post-695","page","type-page","status-publish","hentry"],"yoast_head":"<!-- This site is optimized with the Yoast SEO plugin v27.5 - https:\/\/yoast.com\/product\/yoast-seo-wordpress\/ -->\n<title>Liens utiles - Tennis Club Buxerolles<\/title>\n<meta name=\"robots\" content=\"index, follow, max-snippet:-1, max-image-preview:large, max-video-preview:-1\" \/>\n<link rel=\"canonical\" href=\"http:\/\/tcbuxerolles.fr\/index.php\/liens-utiles\/\" \/>\n<meta property=\"og:locale\" content=\"fr_FR\" \/>\n<meta property=\"og:type\" content=\"article\" \/>\n<meta property=\"og:title\" content=\"Liens utiles - Tennis Club Buxerolles\" \/>\n<meta property=\"og:description\" content=\"Comit\u00e9 D\u00e9partemental de la Vienne de Tennis&nbsp;&nbsp;calendrier et les r\u00e9sultats des championnats par \u00e9quipes et individuels, ainsi que l&rsquo;actualit\u00e9 du Continuer la lecture  Liens utiles&rarr; Continuer la lecture  Liens utiles&rarr;\" \/>\n<meta property=\"og:url\" content=\"http:\/\/tcbuxerolles.fr\/index.php\/liens-utiles\/\" \/>\n<meta property=\"og:site_name\" content=\"Tennis Club Buxerolles\" \/>\n<meta property=\"article:publisher\" content=\"https:\/\/www.facebook.com\/tennis.buxerolles\/\" \/>\n<meta property=\"article:modified_time\" content=\"2022-05-23T21:32:42+00:00\" \/>\n<meta property=\"og:image\" content=\"https:\/\/i0.wp.com\/tcbuxerolles.fr\/wp-content\/uploads\/2021\/11\/cropped-Logo-TCB-e1637708983510.png?fit=512%2C512\" \/>\n\t<meta property=\"og:image:width\" content=\"512\" \/>\n\t<meta property=\"og:image:height\" content=\"512\" \/>\n\t<meta property=\"og:image:type\" content=\"image\/png\" \/>\n<meta name=\"twitter:label1\" content=\"Dur\u00e9e de lecture estim\u00e9e\" \/>\n\t<meta name=\"twitter:data1\" content=\"1 minute\" \/>\n<script type=\"application\/ld+json\" class=\"yoast-schema-graph\">{\"@context\":\"https:\\\/\\\/schema.org\",\"@graph\":[{\"@type\":\"WebPage\",\"@id\":\"http:\\\/\\\/tcbuxerolles.fr\\\/index.php\\\/liens-utiles\\\/\",\"url\":\"http:\\\/\\\/tcbuxerolles.fr\\\/index.php\\\/liens-utiles\\\/\",\"name\":\"Liens utiles - Tennis Club Buxerolles\",\"isPartOf\":{\"@id\":\"https:\\\/\\\/tcbuxerolles.fr\\\/#website\"},\"datePublished\":\"2019-02-12T23:19:48+00:00\",\"dateModified\":\"2022-05-23T21:32:42+00:00\",\"breadcrumb\":{\"@id\":\"http:\\\/\\\/tcbuxerolles.fr\\\/index.php\\\/liens-utiles\\\/#breadcrumb\"},\"inLanguage\":\"fr-FR\",\"potentialAction\":[{\"@type\":\"ReadAction\",\"target\":[\"http:\\\/\\\/tcbuxerolles.fr\\\/index.php\\\/liens-utiles\\\/\"]}]},{\"@type\":\"BreadcrumbList\",\"@id\":\"http:\\\/\\\/tcbuxerolles.fr\\\/index.php\\\/liens-utiles\\\/#breadcrumb\",\"itemListElement\":[{\"@type\":\"ListItem\",\"position\":1,\"name\":\"Accueil\",\"item\":\"https:\\\/\\\/tcbuxerolles.fr\\\/\"},{\"@type\":\"ListItem\",\"position\":2,\"name\":\"Liens utiles\"}]},{\"@type\":\"WebSite\",\"@id\":\"https:\\\/\\\/tcbuxerolles.fr\\\/#website\",\"url\":\"https:\\\/\\\/tcbuxerolles.fr\\\/\",\"name\":\"Tennis Club Buxerolles\",\"description\":\"Le tennis par excellence\",\"publisher\":{\"@id\":\"https:\\\/\\\/tcbuxerolles.fr\\\/#organization\"},\"potentialAction\":[{\"@type\":\"SearchAction\",\"target\":{\"@type\":\"EntryPoint\",\"urlTemplate\":\"https:\\\/\\\/tcbuxerolles.fr\\\/?s={search_term_string}\"},\"query-input\":{\"@type\":\"PropertyValueSpecification\",\"valueRequired\":true,\"valueName\":\"search_term_string\"}}],\"inLanguage\":\"fr-FR\"},{\"@type\":\"Organization\",\"@id\":\"https:\\\/\\\/tcbuxerolles.fr\\\/#organization\",\"name\":\"tcbuxerolles\",\"url\":\"https:\\\/\\\/tcbuxerolles.fr\\\/\",\"logo\":{\"@type\":\"ImageObject\",\"inLanguage\":\"fr-FR\",\"@id\":\"https:\\\/\\\/tcbuxerolles.fr\\\/#\\\/schema\\\/logo\\\/image\\\/\",\"url\":\"https:\\\/\\\/i0.wp.com\\\/tcbuxerolles.fr\\\/wp-content\\\/uploads\\\/2021\\\/11\\\/Logo-TCB-e1637708983510.png?fit=512%2C424&ssl=1\",\"contentUrl\":\"https:\\\/\\\/i0.wp.com\\\/tcbuxerolles.fr\\\/wp-content\\\/uploads\\\/2021\\\/11\\\/Logo-TCB-e1637708983510.png?fit=512%2C424&ssl=1\",\"width\":512,\"height\":424,\"caption\":\"tcbuxerolles\"},\"image\":{\"@id\":\"https:\\\/\\\/tcbuxerolles.fr\\\/#\\\/schema\\\/logo\\\/image\\\/\"},\"sameAs\":[\"https:\\\/\\\/www.facebook.com\\\/tennis.buxerolles\\\/\",\"https:\\\/\\\/www.instagram.com\\\/tennis_club_buxerolles\\\/?utm_medium=copy_link\"]}]}<\/script>\n<!-- \/ Yoast SEO plugin. -->","yoast_head_json":{"title":"Liens utiles - Tennis Club Buxerolles","robots":{"index":"index","follow":"follow","max-snippet":"max-snippet:-1","max-image-preview":"max-image-preview:large","max-video-preview":"max-video-preview:-1"},"canonical":"http:\/\/tcbuxerolles.fr\/index.php\/liens-utiles\/","og_locale":"fr_FR","og_type":"article","og_title":"Liens utiles - Tennis Club Buxerolles","og_description":"Comit\u00e9 D\u00e9partemental de la Vienne de Tennis&nbsp;&nbsp;calendrier et les r\u00e9sultats des championnats par \u00e9quipes et individuels, ainsi que l&rsquo;actualit\u00e9 du Continuer la lecture  Liens utiles&rarr; Continuer la lecture  Liens utiles&rarr;","og_url":"http:\/\/tcbuxerolles.fr\/index.php\/liens-utiles\/","og_site_name":"Tennis Club Buxerolles","article_publisher":"https:\/\/www.facebook.com\/tennis.buxerolles\/","article_modified_time":"2022-05-23T21:32:42+00:00","og_image":[{"width":512,"height":512,"url":"https:\/\/i0.wp.com\/tcbuxerolles.fr\/wp-content\/uploads\/2021\/11\/cropped-Logo-TCB-e1637708983510.png?fit=512%2C512","type":"image\/png"}],"twitter_misc":{"Dur\u00e9e de lecture estim\u00e9e":"1 minute"},"schema":{"@context":"https:\/\/schema.org","@graph":[{"@type":"WebPage","@id":"http:\/\/tcbuxerolles.fr\/index.php\/liens-utiles\/","url":"http:\/\/tcbuxerolles.fr\/index.php\/liens-utiles\/","name":"Liens utiles - Tennis Club Buxerolles","isPartOf":{"@id":"https:\/\/tcbuxerolles.fr\/#website"},"datePublished":"2019-02-12T23:19:48+00:00","dateModified":"2022-05-23T21:32:42+00:00","breadcrumb":{"@id":"http:\/\/tcbuxerolles.fr\/index.php\/liens-utiles\/#breadcrumb"},"inLanguage":"fr-FR","potentialAction":[{"@type":"ReadAction","target":["http:\/\/tcbuxerolles.fr\/index.php\/liens-utiles\/"]}]},{"@type":"BreadcrumbList","@id":"http:\/\/tcbuxerolles.fr\/index.php\/liens-utiles\/#breadcrumb","itemListElement":[{"@type":"ListItem","position":1,"name":"Accueil","item":"https:\/\/tcbuxerolles.fr\/"},{"@type":"ListItem","position":2,"name":"Liens utiles"}]},{"@type":"WebSite","@id":"https:\/\/tcbuxerolles.fr\/#website","url":"https:\/\/tcbuxerolles.fr\/","name":"Tennis Club Buxerolles","description":"Le tennis par excellence","publisher":{"@id":"https:\/\/tcbuxerolles.fr\/#organization"},"potentialAction":[{"@type":"SearchAction","target":{"@type":"EntryPoint","urlTemplate":"https:\/\/tcbuxerolles.fr\/?s={search_term_string}"},"query-input":{"@type":"PropertyValueSpecification","valueRequired":true,"valueName":"search_term_string"}}],"inLanguage":"fr-FR"},{"@type":"Organization","@id":"https:\/\/tcbuxerolles.fr\/#organization","name":"tcbuxerolles","url":"https:\/\/tcbuxerolles.fr\/","logo":{"@type":"ImageObject","inLanguage":"fr-FR","@id":"https:\/\/tcbuxerolles.fr\/#\/schema\/logo\/image\/","url":"https:\/\/i0.wp.com\/tcbuxerolles.fr\/wp-content\/uploads\/2021\/11\/Logo-TCB-e1637708983510.png?fit=512%2C424&ssl=1","contentUrl":"https:\/\/i0.wp.com\/tcbuxerolles.fr\/wp-content\/uploads\/2021\/11\/Logo-TCB-e1637708983510.png?fit=512%2C424&ssl=1","width":512,"height":424,"caption":"tcbuxerolles"},"image":{"@id":"https:\/\/tcbuxerolles.fr\/#\/schema\/logo\/image\/"},"sameAs":["https:\/\/www.facebook.com\/tennis.buxerolles\/","https:\/\/www.instagram.com\/tennis_club_buxerolles\/?utm_medium=copy_link"]}]}},"jetpack_sharing_enabled":true,"_links":{"self":[{"href":"http:\/\/tcbuxerolles.fr\/index.php\/wp-json\/wp\/v2\/pages\/695","targetHints":{"allow":["GET"]}}],"collection":[{"href":"http:\/\/tcbuxerolles.fr\/index.php\/wp-json\/wp\/v2\/pages"}],"about":[{"href":"http:\/\/tcbuxerolles.fr\/index.php\/wp-json\/wp\/v2\/types\/page"}],"author":[{"embeddable":true,"href":"http:\/\/tcbuxerolles.fr\/index.php\/wp-json\/wp\/v2\/users\/1"}],"replies":[{"embeddable":true,"href":"http:\/\/tcbuxerolles.fr\/index.php\/wp-json\/wp\/v2\/comments?post=695"}],"version-history":[{"count":4,"href":"http:\/\/tcbuxerolles.fr\/index.php\/wp-json\/wp\/v2\/pages\/695\/revisions"}],"predecessor-version":[{"id":1300,"href":"http:\/\/tcbuxerolles.fr\/index.php\/wp-json\/wp\/v2\/pages\/695\/revisions\/1300"}],"wp:attachment":[{"href":"http:\/\/tcbuxerolles.fr\/index.php\/wp-json\/wp\/v2\/media?parent=695"}],"curies":[{"name":"wp","href":"https:\/\/api.w.org\/{rel}","templated":true}]}}