{"id":1693,"date":"2024-10-20T11:01:57","date_gmt":"2024-10-20T09:01:57","guid":{"rendered":"https:\/\/tcbuxerolles.fr\/?page_id=1693"},"modified":"2024-11-08T13:12:28","modified_gmt":"2024-11-08T12:12:28","slug":"championnat-regional","status":"publish","type":"page","link":"http:\/\/tcbuxerolles.fr\/index.php\/resultats\/resultats-2024-2025\/championnat-regional\/","title":{"rendered":"Championnat R\u00e9gional"},"content":{"rendered":"\n<p class=\"has-text-align-center has-vivid-red-color has-text-color has-large-font-size\"><strong>\u00c9quipes Femmes<\/strong><\/p>\n\n\n\n<figure class=\"wp-block-table is-style-regular\"><table class=\"has-fixed-layout\"><tbody><tr><td><\/td><td>\u00c9quipe 1 (+35 ans)<\/td><\/tr><tr><td>Classement<\/td><td>Quatri\u00e8me (3 points)<\/td><\/tr><tr><td>Rencontre<\/td><td>Division P\u00f4le Niort<br>Poule A<\/td><\/tr><tr><td>Jour 1  <\/td><td>POITIERS STADE &#8211; BUXEROLLES<br>D\u00c9FAITE 1 &#8211; 4<\/td><\/tr><tr><td>Jour 2 <\/td><td>BUXEROLLES &#8211; NIORT ECOLE TENNIS<br>D\u00c9FAITE 0 &#8211; 5<\/td><\/tr><tr><td>Jour 3<\/td><td>SAINT MICHEL &#8211; BUXEROLLES<br>D\u00c9FAITE 5 &#8211; 0<\/td><\/tr><\/tbody><\/table><\/figure>\n","protected":false},"excerpt":{"rendered":"<p>\u00c9quipes Femmes \u00c9quipe 1 (+35 ans) Classement Quatri\u00e8me (3 points) Rencontre Division P\u00f4le NiortPoule A Jour 1 POITIERS STADE &#8211; <a class=\"more-link\" href=\"http:\/\/tcbuxerolles.fr\/index.php\/resultats\/resultats-2024-2025\/championnat-regional\/\">Continuer la lecture <span class=\"screen-reader-text\">  Championnat R\u00e9gional<\/span><span class=\"meta-nav\">&rarr;<\/span><\/a> <a class=\"more-link\" href=\"http:\/\/tcbuxerolles.fr\/index.php\/resultats\/resultats-2024-2025\/championnat-regional\/\">Continuer la lecture <span class=\"screen-reader-text\">  Championnat R\u00e9gional<\/span><span class=\"meta-nav\">&rarr;<\/span><\/a><\/p>\n","protected":false},"author":1,"featured_media":0,"parent":1687,"menu_order":2,"comment_status":"closed","ping_status":"closed","template":"page-fullwidth.php","meta":{"footnotes":""},"class_list":["post-1693","page","type-page","status-publish","hentry"],"yoast_head":"<!-- This site is optimized with the Yoast SEO plugin v27.4 - https:\/\/yoast.com\/product\/yoast-seo-wordpress\/ -->\n<title>Championnat R\u00e9gional - Tennis Club Buxerolles<\/title>\n<meta name=\"robots\" content=\"index, follow, max-snippet:-1, max-image-preview:large, max-video-preview:-1\" \/>\n<link rel=\"canonical\" href=\"https:\/\/tcbuxerolles.fr\/index.php\/resultats\/resultats-2024-2025\/championnat-regional\/\" \/>\n<meta property=\"og:locale\" content=\"fr_FR\" \/>\n<meta property=\"og:type\" content=\"article\" \/>\n<meta property=\"og:title\" content=\"Championnat R\u00e9gional - Tennis Club Buxerolles\" \/>\n<meta property=\"og:description\" content=\"\u00c9quipes Femmes \u00c9quipe 1 (+35 ans) Classement Quatri\u00e8me (3 points) Rencontre Division P\u00f4le NiortPoule A Jour 1 POITIERS STADE &#8211; Continuer la lecture  Championnat R\u00e9gional&rarr; Continuer la lecture  Championnat R\u00e9gional&rarr;\" \/>\n<meta property=\"og:url\" content=\"https:\/\/tcbuxerolles.fr\/index.php\/resultats\/resultats-2024-2025\/championnat-regional\/\" \/>\n<meta property=\"og:site_name\" content=\"Tennis Club Buxerolles\" \/>\n<meta property=\"article:publisher\" content=\"https:\/\/www.facebook.com\/tennis.buxerolles\/\" \/>\n<meta property=\"article:modified_time\" content=\"2024-11-08T12:12:28+00:00\" \/>\n<meta property=\"og:image\" content=\"https:\/\/i0.wp.com\/tcbuxerolles.fr\/wp-content\/uploads\/2021\/11\/cropped-Logo-TCB-e1637708983510.png?fit=512%2C512\" \/>\n\t<meta property=\"og:image:width\" content=\"512\" \/>\n\t<meta property=\"og:image:height\" content=\"512\" \/>\n\t<meta property=\"og:image:type\" content=\"image\/png\" \/>\n<meta name=\"twitter:label1\" content=\"Dur\u00e9e de lecture estim\u00e9e\" \/>\n\t<meta name=\"twitter:data1\" content=\"2 minutes\" \/>\n<script type=\"application\/ld+json\" class=\"yoast-schema-graph\">{\"@context\":\"https:\\\/\\\/schema.org\",\"@graph\":[{\"@type\":\"WebPage\",\"@id\":\"https:\\\/\\\/tcbuxerolles.fr\\\/index.php\\\/resultats\\\/resultats-2024-2025\\\/championnat-regional\\\/\",\"url\":\"https:\\\/\\\/tcbuxerolles.fr\\\/index.php\\\/resultats\\\/resultats-2024-2025\\\/championnat-regional\\\/\",\"name\":\"Championnat R\u00e9gional - Tennis Club Buxerolles\",\"isPartOf\":{\"@id\":\"https:\\\/\\\/tcbuxerolles.fr\\\/#website\"},\"datePublished\":\"2024-10-20T09:01:57+00:00\",\"dateModified\":\"2024-11-08T12:12:28+00:00\",\"breadcrumb\":{\"@id\":\"https:\\\/\\\/tcbuxerolles.fr\\\/index.php\\\/resultats\\\/resultats-2024-2025\\\/championnat-regional\\\/#breadcrumb\"},\"inLanguage\":\"fr-FR\",\"potentialAction\":[{\"@type\":\"ReadAction\",\"target\":[\"https:\\\/\\\/tcbuxerolles.fr\\\/index.php\\\/resultats\\\/resultats-2024-2025\\\/championnat-regional\\\/\"]}]},{\"@type\":\"BreadcrumbList\",\"@id\":\"https:\\\/\\\/tcbuxerolles.fr\\\/index.php\\\/resultats\\\/resultats-2024-2025\\\/championnat-regional\\\/#breadcrumb\",\"itemListElement\":[{\"@type\":\"ListItem\",\"position\":1,\"name\":\"Accueil\",\"item\":\"https:\\\/\\\/tcbuxerolles.fr\\\/\"},{\"@type\":\"ListItem\",\"position\":2,\"name\":\"R\u00e9sultats\",\"item\":\"http:\\\/\\\/tcbuxerolles.fr\\\/index.php\\\/resultats\\\/\"},{\"@type\":\"ListItem\",\"position\":3,\"name\":\"R\u00e9sultats 2024\\\/2025\",\"item\":\"https:\\\/\\\/tcbuxerolles.fr\\\/index.php\\\/resultats\\\/resultats-2024-2025\\\/\"},{\"@type\":\"ListItem\",\"position\":4,\"name\":\"Championnat R\u00e9gional\"}]},{\"@type\":\"WebSite\",\"@id\":\"https:\\\/\\\/tcbuxerolles.fr\\\/#website\",\"url\":\"https:\\\/\\\/tcbuxerolles.fr\\\/\",\"name\":\"Tennis Club Buxerolles\",\"description\":\"Le tennis par excellence\",\"publisher\":{\"@id\":\"https:\\\/\\\/tcbuxerolles.fr\\\/#organization\"},\"potentialAction\":[{\"@type\":\"SearchAction\",\"target\":{\"@type\":\"EntryPoint\",\"urlTemplate\":\"https:\\\/\\\/tcbuxerolles.fr\\\/?s={search_term_string}\"},\"query-input\":{\"@type\":\"PropertyValueSpecification\",\"valueRequired\":true,\"valueName\":\"search_term_string\"}}],\"inLanguage\":\"fr-FR\"},{\"@type\":\"Organization\",\"@id\":\"https:\\\/\\\/tcbuxerolles.fr\\\/#organization\",\"name\":\"tcbuxerolles\",\"url\":\"https:\\\/\\\/tcbuxerolles.fr\\\/\",\"logo\":{\"@type\":\"ImageObject\",\"inLanguage\":\"fr-FR\",\"@id\":\"https:\\\/\\\/tcbuxerolles.fr\\\/#\\\/schema\\\/logo\\\/image\\\/\",\"url\":\"https:\\\/\\\/i0.wp.com\\\/tcbuxerolles.fr\\\/wp-content\\\/uploads\\\/2021\\\/11\\\/Logo-TCB-e1637708983510.png?fit=512%2C424&ssl=1\",\"contentUrl\":\"https:\\\/\\\/i0.wp.com\\\/tcbuxerolles.fr\\\/wp-content\\\/uploads\\\/2021\\\/11\\\/Logo-TCB-e1637708983510.png?fit=512%2C424&ssl=1\",\"width\":512,\"height\":424,\"caption\":\"tcbuxerolles\"},\"image\":{\"@id\":\"https:\\\/\\\/tcbuxerolles.fr\\\/#\\\/schema\\\/logo\\\/image\\\/\"},\"sameAs\":[\"https:\\\/\\\/www.facebook.com\\\/tennis.buxerolles\\\/\",\"https:\\\/\\\/www.instagram.com\\\/tennis_club_buxerolles\\\/?utm_medium=copy_link\"]}]}<\/script>\n<!-- \/ Yoast SEO plugin. -->","yoast_head_json":{"title":"Championnat R\u00e9gional - Tennis Club Buxerolles","robots":{"index":"index","follow":"follow","max-snippet":"max-snippet:-1","max-image-preview":"max-image-preview:large","max-video-preview":"max-video-preview:-1"},"canonical":"https:\/\/tcbuxerolles.fr\/index.php\/resultats\/resultats-2024-2025\/championnat-regional\/","og_locale":"fr_FR","og_type":"article","og_title":"Championnat R\u00e9gional - Tennis Club Buxerolles","og_description":"\u00c9quipes Femmes \u00c9quipe 1 (+35 ans) Classement Quatri\u00e8me (3 points) Rencontre Division P\u00f4le NiortPoule A Jour 1 POITIERS STADE &#8211; Continuer la lecture  Championnat R\u00e9gional&rarr; Continuer la lecture  Championnat R\u00e9gional&rarr;","og_url":"https:\/\/tcbuxerolles.fr\/index.php\/resultats\/resultats-2024-2025\/championnat-regional\/","og_site_name":"Tennis Club Buxerolles","article_publisher":"https:\/\/www.facebook.com\/tennis.buxerolles\/","article_modified_time":"2024-11-08T12:12:28+00:00","og_image":[{"width":512,"height":512,"url":"https:\/\/i0.wp.com\/tcbuxerolles.fr\/wp-content\/uploads\/2021\/11\/cropped-Logo-TCB-e1637708983510.png?fit=512%2C512","type":"image\/png"}],"twitter_misc":{"Dur\u00e9e de lecture estim\u00e9e":"2 minutes"},"schema":{"@context":"https:\/\/schema.org","@graph":[{"@type":"WebPage","@id":"https:\/\/tcbuxerolles.fr\/index.php\/resultats\/resultats-2024-2025\/championnat-regional\/","url":"https:\/\/tcbuxerolles.fr\/index.php\/resultats\/resultats-2024-2025\/championnat-regional\/","name":"Championnat R\u00e9gional - Tennis Club Buxerolles","isPartOf":{"@id":"https:\/\/tcbuxerolles.fr\/#website"},"datePublished":"2024-10-20T09:01:57+00:00","dateModified":"2024-11-08T12:12:28+00:00","breadcrumb":{"@id":"https:\/\/tcbuxerolles.fr\/index.php\/resultats\/resultats-2024-2025\/championnat-regional\/#breadcrumb"},"inLanguage":"fr-FR","potentialAction":[{"@type":"ReadAction","target":["https:\/\/tcbuxerolles.fr\/index.php\/resultats\/resultats-2024-2025\/championnat-regional\/"]}]},{"@type":"BreadcrumbList","@id":"https:\/\/tcbuxerolles.fr\/index.php\/resultats\/resultats-2024-2025\/championnat-regional\/#breadcrumb","itemListElement":[{"@type":"ListItem","position":1,"name":"Accueil","item":"https:\/\/tcbuxerolles.fr\/"},{"@type":"ListItem","position":2,"name":"R\u00e9sultats","item":"http:\/\/tcbuxerolles.fr\/index.php\/resultats\/"},{"@type":"ListItem","position":3,"name":"R\u00e9sultats 2024\/2025","item":"https:\/\/tcbuxerolles.fr\/index.php\/resultats\/resultats-2024-2025\/"},{"@type":"ListItem","position":4,"name":"Championnat R\u00e9gional"}]},{"@type":"WebSite","@id":"https:\/\/tcbuxerolles.fr\/#website","url":"https:\/\/tcbuxerolles.fr\/","name":"Tennis Club Buxerolles","description":"Le tennis par excellence","publisher":{"@id":"https:\/\/tcbuxerolles.fr\/#organization"},"potentialAction":[{"@type":"SearchAction","target":{"@type":"EntryPoint","urlTemplate":"https:\/\/tcbuxerolles.fr\/?s={search_term_string}"},"query-input":{"@type":"PropertyValueSpecification","valueRequired":true,"valueName":"search_term_string"}}],"inLanguage":"fr-FR"},{"@type":"Organization","@id":"https:\/\/tcbuxerolles.fr\/#organization","name":"tcbuxerolles","url":"https:\/\/tcbuxerolles.fr\/","logo":{"@type":"ImageObject","inLanguage":"fr-FR","@id":"https:\/\/tcbuxerolles.fr\/#\/schema\/logo\/image\/","url":"https:\/\/i0.wp.com\/tcbuxerolles.fr\/wp-content\/uploads\/2021\/11\/Logo-TCB-e1637708983510.png?fit=512%2C424&ssl=1","contentUrl":"https:\/\/i0.wp.com\/tcbuxerolles.fr\/wp-content\/uploads\/2021\/11\/Logo-TCB-e1637708983510.png?fit=512%2C424&ssl=1","width":512,"height":424,"caption":"tcbuxerolles"},"image":{"@id":"https:\/\/tcbuxerolles.fr\/#\/schema\/logo\/image\/"},"sameAs":["https:\/\/www.facebook.com\/tennis.buxerolles\/","https:\/\/www.instagram.com\/tennis_club_buxerolles\/?utm_medium=copy_link"]}]}},"jetpack_sharing_enabled":true,"_links":{"self":[{"href":"http:\/\/tcbuxerolles.fr\/index.php\/wp-json\/wp\/v2\/pages\/1693","targetHints":{"allow":["GET"]}}],"collection":[{"href":"http:\/\/tcbuxerolles.fr\/index.php\/wp-json\/wp\/v2\/pages"}],"about":[{"href":"http:\/\/tcbuxerolles.fr\/index.php\/wp-json\/wp\/v2\/types\/page"}],"author":[{"embeddable":true,"href":"http:\/\/tcbuxerolles.fr\/index.php\/wp-json\/wp\/v2\/users\/1"}],"replies":[{"embeddable":true,"href":"http:\/\/tcbuxerolles.fr\/index.php\/wp-json\/wp\/v2\/comments?post=1693"}],"version-history":[{"count":3,"href":"http:\/\/tcbuxerolles.fr\/index.php\/wp-json\/wp\/v2\/pages\/1693\/revisions"}],"predecessor-version":[{"id":1741,"href":"http:\/\/tcbuxerolles.fr\/index.php\/wp-json\/wp\/v2\/pages\/1693\/revisions\/1741"}],"up":[{"embeddable":true,"href":"http:\/\/tcbuxerolles.fr\/index.php\/wp-json\/wp\/v2\/pages\/1687"}],"wp:attachment":[{"href":"http:\/\/tcbuxerolles.fr\/index.php\/wp-json\/wp\/v2\/media?parent=1693"}],"curies":[{"name":"wp","href":"https:\/\/api.w.org\/{rel}","templated":true}]}}